{"id":177,"date":"2017-02-22T04:30:34","date_gmt":"2017-02-22T04:30:34","guid":{"rendered":"http:\/\/tropikavoyages.com\/?page_id=177"},"modified":"2017-03-22T03:04:29","modified_gmt":"2017-03-22T03:04:29","slug":"vol","status":"publish","type":"page","link":"https:\/\/tropikavoyages.com\/en\/promotions\/vol\/","title":{"rendered":"Flights"},"content":{"rendered":"<p>[vc_row][vc_column]<div class=\"nicdark_masonry_container\">\n\n<!--start preview-->\n<div id=\"529\" class=\"grid grid_4 percentage nicdark_masonry_item nicdark_padding10 nicdark_sizing\">\n    <div class=\"nicdark_archive1 nicdark_bg_white nicdark_border_grey nicdark_sizing \">\n\n\n        <!--start image-->\n        <div class=\"nicdark_focus nicdark_relative nicdark_fadeinout nicdark_overflow\">    \n\n            <img decoding=\"async\" alt=\"\" class=\"nicdark_focus nicdark_zoom_image\" src=\"https:\/\/tropikavoyages.com\/wp-content\/uploads\/2017\/05\/airivoire.jpg\">\n\n            \n            <!--price-->\n            <div class=\"nicdark_fadeout nicdark_absolute nicdark_height100percentage nicdark_width_percentage100\">  \n                <a href=\"https:\/\/tropikavoyages.com\/en\/packages\/promos-air-cote-divoire\/\" class=\"nicdark_btn nicdark_bg_green left white medium\">282 USD<\/a>\n            <\/div>\n            <!--end price-->\n\n\n            <!--start content-->\n            <div class=\"nicdark_fadein nicdark_filter greydark nicdark_absolute nicdark_height100percentage nicdark_width_percentage100\">\n                <div class=\"nicdark_absolute nicdark_display_table nicdark_height100percentage nicdark_width_percentage100\">\n                    <div class=\"nicdark_cell nicdark_vertical_middle\">\n                        <a href=\"https:\/\/tropikavoyages.com\/en\/packages\/promos-air-cote-divoire\/\" class=\"nicdark_btn nicdark_border_white white medium\">More Details<\/a>\n                    <\/div>   \n                <\/div>   \n            <\/div>\n            <!--end content-->\n\n        <\/div>\n        <!--end image-->\n\n\n        <div class=\"nicdark_textevidence nicdark_bg_green\">\n            <h4 class=\"white nicdark_margin20\">Promos Air Cote d\u2019Ivoire<\/h4>\n        <\/div>\n\n\n        <div class=\"nicdark_focus nicdark_bg_greydark2\">\n            <div class=\"nicdark_bg_greydark nicdark_focus nicdark_padding1020 nicdark_sizing nicdark_width_percentage50\">\n                <p class=\"white\"><i class=\"icon-direction\"><\/i> Dakar  Libreville <\/p>\n            <\/div>\n            <div class=\"nicdark_focus nicdark_padding1020 nicdark_sizing nicdark_width_percentage50\">\n                <p class=\"white\"><i class=\"icon-info\"><\/i> Flight Deals <\/p>\n            <\/div>\n        <\/div>\n        \n        <div class=\"nicdark_margin20\">\n            <p>Aller-Retour avec Air Cote d\u2019Ivoire au d\u00e9part de Conakry<\/p>\n            <div class=\"nicdark_space20\"><\/div><a href=\"https:\/\/tropikavoyages.com\/en\/packages\/promos-air-cote-divoire\/\" class=\"nicdark_border_grey grey nicdark_btn nicdark_outline medium \">More Details<\/a>  \n        <\/div>\n\n    <\/div>\n<\/div>\n<!--end prev-->\n\n\n\n<!--start preview-->\n<div id=\"521\" class=\"grid grid_4 percentage nicdark_masonry_item nicdark_padding10 nicdark_sizing\">\n    <div class=\"nicdark_archive1 nicdark_bg_white nicdark_border_grey nicdark_sizing \">\n\n\n        <!--start image-->\n        <div class=\"nicdark_focus nicdark_relative nicdark_fadeinout nicdark_overflow\">    \n\n            <img decoding=\"async\" alt=\"\" class=\"nicdark_focus nicdark_zoom_image\" src=\"https:\/\/tropikavoyages.com\/wp-content\/uploads\/2017\/05\/brussels-airline.jpg\">\n\n            \n            <!--price-->\n            <div class=\"nicdark_fadeout nicdark_absolute nicdark_height100percentage nicdark_width_percentage100\">  \n                <a href=\"https:\/\/tropikavoyages.com\/en\/packages\/promos-brussels-airlines\/\" class=\"nicdark_btn nicdark_bg_orange left white medium\">1356 USD<\/a>\n            <\/div>\n            <!--end price-->\n\n\n            <!--start content-->\n            <div class=\"nicdark_fadein nicdark_filter greydark nicdark_absolute nicdark_height100percentage nicdark_width_percentage100\">\n                <div class=\"nicdark_absolute nicdark_display_table nicdark_height100percentage nicdark_width_percentage100\">\n                    <div class=\"nicdark_cell nicdark_vertical_middle\">\n                        <a href=\"https:\/\/tropikavoyages.com\/en\/packages\/promos-brussels-airlines\/\" class=\"nicdark_btn nicdark_border_white white medium\">More Details<\/a>\n                    <\/div>   \n                <\/div>   \n            <\/div>\n            <!--end content-->\n\n        <\/div>\n        <!--end image-->\n\n\n        <div class=\"nicdark_textevidence nicdark_bg_orange\">\n            <h4 class=\"white nicdark_margin20\">Promos Brussels Airlines<\/h4>\n        <\/div>\n\n\n        <div class=\"nicdark_focus nicdark_bg_greydark2\">\n            <div class=\"nicdark_bg_greydark nicdark_focus nicdark_padding1020 nicdark_sizing nicdark_width_percentage50\">\n                <p class=\"white\"><i class=\"icon-direction\"><\/i> P\u00e9kin <\/p>\n            <\/div>\n            <div class=\"nicdark_focus nicdark_padding1020 nicdark_sizing nicdark_width_percentage50\">\n                <p class=\"white\"><i class=\"icon-info\"><\/i> Flight Deals <\/p>\n            <\/div>\n        <\/div>\n        \n        <div class=\"nicdark_margin20\">\n            <p>P\u00e9kin (USD* 1.356 en Eco et USD* 3.656 en Business) avec Brussels Airlines.<\/p>\n            <div class=\"nicdark_space20\"><\/div><a href=\"https:\/\/tropikavoyages.com\/en\/packages\/promos-brussels-airlines\/\" class=\"nicdark_border_grey grey nicdark_btn nicdark_outline medium \">More Details<\/a>  \n        <\/div>\n\n    <\/div>\n<\/div>\n<!--end prev-->\n\n\n\n<!--start preview-->\n<div id=\"519\" class=\"grid grid_4 percentage nicdark_masonry_item nicdark_padding10 nicdark_sizing\">\n    <div class=\"nicdark_archive1 nicdark_bg_white nicdark_border_grey nicdark_sizing \">\n\n\n        <!--start image-->\n        <div class=\"nicdark_focus nicdark_relative nicdark_fadeinout nicdark_overflow\">    \n\n            <img decoding=\"async\" alt=\"\" class=\"nicdark_focus nicdark_zoom_image\" src=\"https:\/\/tropikavoyages.com\/wp-content\/uploads\/2017\/05\/airfrance-1.jpg\">\n\n            \n            <!--price-->\n            <div class=\"nicdark_fadeout nicdark_absolute nicdark_height100percentage nicdark_width_percentage100\">  \n                <a href=\"https:\/\/tropikavoyages.com\/en\/packages\/offre-etudiants-air-france\/\" class=\"nicdark_btn nicdark_bg_blue left white medium\">770 USD<\/a>\n            <\/div>\n            <!--end price-->\n\n\n            <!--start content-->\n            <div class=\"nicdark_fadein nicdark_filter greydark nicdark_absolute nicdark_height100percentage nicdark_width_percentage100\">\n                <div class=\"nicdark_absolute nicdark_display_table nicdark_height100percentage nicdark_width_percentage100\">\n                    <div class=\"nicdark_cell nicdark_vertical_middle\">\n                        <a href=\"https:\/\/tropikavoyages.com\/en\/packages\/offre-etudiants-air-france\/\" class=\"nicdark_btn nicdark_border_white white medium\">More Details<\/a>\n                    <\/div>   \n                <\/div>   \n            <\/div>\n            <!--end content-->\n\n        <\/div>\n        <!--end image-->\n\n\n        <div class=\"nicdark_textevidence nicdark_bg_blue\">\n            <h4 class=\"white nicdark_margin20\">Offre Etudiants Air France<\/h4>\n        <\/div>\n\n\n        <div class=\"nicdark_focus nicdark_bg_greydark2\">\n            <div class=\"nicdark_bg_greydark nicdark_focus nicdark_padding1020 nicdark_sizing nicdark_width_percentage50\">\n                <p class=\"white\"><i class=\"icon-direction\"><\/i> France <\/p>\n            <\/div>\n            <div class=\"nicdark_focus nicdark_padding1020 nicdark_sizing nicdark_width_percentage50\">\n                <p class=\"white\"><i class=\"icon-info\"><\/i> Flight Deals <\/p>\n            <\/div>\n        <\/div>\n        \n        <div class=\"nicdark_margin20\">\n            <p>Offre Etudiants aller simple vers la France, le Canada ou les \u00c9tats Unis avec Air France<\/p>\n            <div class=\"nicdark_space20\"><\/div><a href=\"https:\/\/tropikavoyages.com\/en\/packages\/offre-etudiants-air-france\/\" class=\"nicdark_border_grey grey nicdark_btn nicdark_outline medium \">More Details<\/a>  \n        <\/div>\n\n    <\/div>\n<\/div>\n<!--end prev-->\n\n\n\n<!--start preview-->\n<div id=\"514\" class=\"grid grid_4 percentage nicdark_masonry_item nicdark_padding10 nicdark_sizing\">\n    <div class=\"nicdark_archive1 nicdark_bg_white nicdark_border_grey nicdark_sizing \">\n\n\n        <!--start image-->\n        <div class=\"nicdark_focus nicdark_relative nicdark_fadeinout nicdark_overflow\">    \n\n            <img decoding=\"async\" alt=\"\" class=\"nicdark_focus nicdark_zoom_image\" src=\"https:\/\/tropikavoyages.com\/wp-content\/uploads\/2017\/05\/img_clientlogo11.png\">\n\n            \n            <!--price-->\n            <div class=\"nicdark_fadeout nicdark_absolute nicdark_height100percentage nicdark_width_percentage100\">  \n                <a href=\"https:\/\/tropikavoyages.com\/en\/packages\/promos-royal-air-maroc\/\" class=\"nicdark_btn nicdark_bg_red left white medium\">529 USD<\/a>\n            <\/div>\n            <!--end price-->\n\n\n            <!--start content-->\n            <div class=\"nicdark_fadein nicdark_filter greydark nicdark_absolute nicdark_height100percentage nicdark_width_percentage100\">\n                <div class=\"nicdark_absolute nicdark_display_table nicdark_height100percentage nicdark_width_percentage100\">\n                    <div class=\"nicdark_cell nicdark_vertical_middle\">\n                        <a href=\"https:\/\/tropikavoyages.com\/en\/packages\/promos-royal-air-maroc\/\" class=\"nicdark_btn nicdark_border_white white medium\">More Details<\/a>\n                    <\/div>   \n                <\/div>   \n            <\/div>\n            <!--end content-->\n\n        <\/div>\n        <!--end image-->\n\n\n        <div class=\"nicdark_textevidence nicdark_bg_red\">\n            <h4 class=\"white nicdark_margin20\">Promos Royal Air Maroc<\/h4>\n        <\/div>\n\n\n        <div class=\"nicdark_focus nicdark_bg_greydark2\">\n            <div class=\"nicdark_bg_greydark nicdark_focus nicdark_padding1020 nicdark_sizing nicdark_width_percentage50\">\n                <p class=\"white\"><i class=\"icon-direction\"><\/i> Tunis <\/p>\n            <\/div>\n            <div class=\"nicdark_focus nicdark_padding1020 nicdark_sizing nicdark_width_percentage50\">\n                <p class=\"white\"><i class=\"icon-info\"><\/i> Flight Deals <\/p>\n            <\/div>\n        <\/div>\n        \n        <div class=\"nicdark_margin20\">\n            <p>Visitez Paris, Tunis, Istanbul ou Beyrouth sur les ailes de Royal Air Maroc au d\u00e9part de Conakry<\/p>\n            <div class=\"nicdark_space20\"><\/div><a href=\"https:\/\/tropikavoyages.com\/en\/packages\/promos-royal-air-maroc\/\" class=\"nicdark_border_grey grey nicdark_btn nicdark_outline medium \">More Details<\/a>  \n        <\/div>\n\n    <\/div>\n<\/div>\n<!--end prev-->\n\n\n\n<!--start preview-->\n<div id=\"306\" class=\"grid grid_4 percentage nicdark_masonry_item nicdark_padding10 nicdark_sizing\">\n    <div class=\"nicdark_archive1 nicdark_bg_white nicdark_border_grey nicdark_sizing \">\n\n\n        <!--start image-->\n        <div class=\"nicdark_focus nicdark_relative nicdark_fadeinout nicdark_overflow\">    \n\n            <img decoding=\"async\" alt=\"\" class=\"nicdark_focus nicdark_zoom_image\" src=\"https:\/\/tropikavoyages.com\/wp-content\/uploads\/2017\/03\/image001.jpg\">\n\n            \n            <!--price-->\n            <div class=\"nicdark_fadeout nicdark_absolute nicdark_height100percentage nicdark_width_percentage100\">  \n                <a href=\"https:\/\/tropikavoyages.com\/en\/packages\/grand-hotel-nouvel-opera\/\" class=\"nicdark_btn nicdark_bg_yellow left white medium\">1057 USD<\/a>\n            <\/div>\n            <!--end price-->\n\n\n            <!--start content-->\n            <div class=\"nicdark_fadein nicdark_filter greydark nicdark_absolute nicdark_height100percentage nicdark_width_percentage100\">\n                <div class=\"nicdark_absolute nicdark_display_table nicdark_height100percentage nicdark_width_percentage100\">\n                    <div class=\"nicdark_cell nicdark_vertical_middle\">\n                        <a href=\"https:\/\/tropikavoyages.com\/en\/packages\/grand-hotel-nouvel-opera\/\" class=\"nicdark_btn nicdark_border_white white medium\">D\u00e9tails<\/a>\n                    <\/div>   \n                <\/div>   \n            <\/div>\n            <!--end content-->\n\n        <\/div>\n        <!--end image-->\n\n\n        <div class=\"nicdark_textevidence nicdark_bg_yellow\">\n            <h4 class=\"white nicdark_margin20\">(Fran\u00e7ais) Grand Hotel Nouvel OPERA<\/h4>\n        <\/div>\n\n\n        <div class=\"nicdark_focus nicdark_bg_greydark2\">\n            <div class=\"nicdark_bg_greydark nicdark_focus nicdark_padding1020 nicdark_sizing nicdark_width_percentage50\">\n                <p class=\"white\"><i class=\"icon-direction\"><\/i> Spain <\/p>\n            <\/div>\n            <div class=\"nicdark_focus nicdark_padding1020 nicdark_sizing nicdark_width_percentage50\">\n                <p class=\"white\"><i class=\"icon-info\"><\/i> Packages <\/p>\n            <\/div>\n        <\/div>\n        \n        <div class=\"nicdark_margin20\">\n            <p>Vol + 7 nuits d\u2019 Hotel 3*  (grand Hotel nouvel OPERA)  \u00e0 partir de 1057 USD<\/p>\n            <div class=\"nicdark_space20\"><\/div><a href=\"https:\/\/tropikavoyages.com\/en\/packages\/grand-hotel-nouvel-opera\/\" class=\"nicdark_border_grey grey nicdark_btn nicdark_outline medium \">D\u00e9tails<\/a>  \n        <\/div>\n\n    <\/div>\n<\/div>\n<!--end prev-->\n\n\n\n<!--start preview-->\n<div id=\"129\" class=\"grid grid_4 percentage nicdark_masonry_item nicdark_padding10 nicdark_sizing\">\n    <div class=\"nicdark_archive1 nicdark_bg_white nicdark_border_grey nicdark_sizing \">\n\n\n        <!--start image-->\n        <div class=\"nicdark_focus nicdark_relative nicdark_fadeinout nicdark_overflow\">    \n\n            <img decoding=\"async\" alt=\"\" class=\"nicdark_focus nicdark_zoom_image\" src=\"https:\/\/tropikavoyages.com\/wp-content\/uploads\/2017\/02\/16938815_1913876618843799_1207293405573967025_n.jpg\">\n\n            \n            <!--price-->\n            <div class=\"nicdark_fadeout nicdark_absolute nicdark_height100percentage nicdark_width_percentage100\">  \n                <a href=\"https:\/\/tropikavoyages.com\/en\/packages\/promo-air-france-vers-paris\/\" class=\"nicdark_btn nicdark_bg_violet left white medium\">1019 $ US<\/a>\n            <\/div>\n            <!--end price-->\n\n\n            <!--start content-->\n            <div class=\"nicdark_fadein nicdark_filter greydark nicdark_absolute nicdark_height100percentage nicdark_width_percentage100\">\n                <div class=\"nicdark_absolute nicdark_display_table nicdark_height100percentage nicdark_width_percentage100\">\n                    <div class=\"nicdark_cell nicdark_vertical_middle\">\n                        <a href=\"https:\/\/tropikavoyages.com\/en\/packages\/promo-air-france-vers-paris\/\" class=\"nicdark_btn nicdark_border_white white medium\">More details<\/a>\n                    <\/div>   \n                <\/div>   \n            <\/div>\n            <!--end content-->\n\n        <\/div>\n        <!--end image-->\n\n\n        <div class=\"nicdark_textevidence nicdark_bg_violet\">\n            <h4 class=\"white nicdark_margin20\">(Fran\u00e7ais) Promo Air France vers Paris<\/h4>\n        <\/div>\n\n\n        <div class=\"nicdark_focus nicdark_bg_greydark2\">\n            <div class=\"nicdark_bg_greydark nicdark_focus nicdark_padding1020 nicdark_sizing nicdark_width_percentage50\">\n                <p class=\"white\"><i class=\"icon-direction\"><\/i> Paris <\/p>\n            <\/div>\n            <div class=\"nicdark_focus nicdark_padding1020 nicdark_sizing nicdark_width_percentage50\">\n                <p class=\"white\"><i class=\"icon-info\"><\/i> Flight Deals <\/p>\n            <\/div>\n        <\/div>\n        \n        <div class=\"nicdark_margin20\">\n            <p>Wow !!! Profitez de la promo Economy au d\u00e9part de CKY vers PARIS \u00e0 partir de 1019 USD TTC!!!\r\nA tr\u00e8s vite dans nos agences respectives \u00e0 Prima Center  et \u00e0 Kaloum <\/p>\n            <div class=\"nicdark_space20\"><\/div><a href=\"https:\/\/tropikavoyages.com\/en\/packages\/promo-air-france-vers-paris\/\" class=\"nicdark_border_grey grey nicdark_btn nicdark_outline medium \">More details<\/a>  \n        <\/div>\n\n    <\/div>\n<\/div>\n<!--end prev-->\n\n<\/div>[\/vc_column][\/vc_row]<\/p>\n","protected":false},"excerpt":{"rendered":"<p>[vc_row][vc_column][\/vc_column][\/vc_row]<\/p>\n","protected":false},"author":1,"featured_media":0,"parent":19,"menu_order":0,"comment_status":"closed","ping_status":"closed","template":"","meta":{"footnotes":""},"class_list":["post-177","page","type-page","status-publish","hentry"],"_links":{"self":[{"href":"https:\/\/tropikavoyages.com\/en\/wp-json\/wp\/v2\/pages\/177","targetHints":{"allow":["GET"]}}],"collection":[{"href":"https:\/\/tropikavoyages.com\/en\/wp-json\/wp\/v2\/pages"}],"about":[{"href":"https:\/\/tropikavoyages.com\/en\/wp-json\/wp\/v2\/types\/page"}],"author":[{"embeddable":true,"href":"https:\/\/tropikavoyages.com\/en\/wp-json\/wp\/v2\/users\/1"}],"replies":[{"embeddable":true,"href":"https:\/\/tropikavoyages.com\/en\/wp-json\/wp\/v2\/comments?post=177"}],"version-history":[{"count":9,"href":"https:\/\/tropikavoyages.com\/en\/wp-json\/wp\/v2\/pages\/177\/revisions"}],"predecessor-version":[{"id":460,"href":"https:\/\/tropikavoyages.com\/en\/wp-json\/wp\/v2\/pages\/177\/revisions\/460"}],"up":[{"embeddable":true,"href":"https:\/\/tropikavoyages.com\/en\/wp-json\/wp\/v2\/pages\/19"}],"wp:attachment":[{"href":"https:\/\/tropikavoyages.com\/en\/wp-json\/wp\/v2\/media?parent=177"}],"curies":[{"name":"wp","href":"https:\/\/api.w.org\/{rel}","templated":true}]}}