{"id":38,"date":"2017-02-18T01:12:34","date_gmt":"2017-02-18T01:12:34","guid":{"rendered":"http:\/\/tropikavoyages.com\/?page_id=38"},"modified":"2017-05-14T15:45:04","modified_gmt":"2017-05-14T15:45:04","slug":"nos-services","status":"publish","type":"page","link":"https:\/\/tropikavoyages.com\/en\/nos-services\/","title":{"rendered":"Our Services"},"content":{"rendered":"<p>[vc_row css=&#8221;.vc_custom_1488317200569{margin-top: 20px !important;margin-bottom: 20px !important;}&#8221;][vc_column width=&#8221;1\/2&#8243;][vc_column_text]<\/p>\n<h2>BILLETERIE INTERNATIONALE<\/h2>\n<p>Notre comptoir, compos\u00e9 d\u2019une \u00e9quipe jeune dynamique et exp\u00e9riment\u00e9 effectuera vos r\u00e9servations avec rigueur et pr\u00e9cision. Le meilleur rapport qualit\u00e9\/prix vous sera toujours propos\u00e9 afin de voyager dans des conditions agr\u00e9ables aux tarifs les plus int\u00e9ressants de toutes les compagnies a\u00e9riennes mondiales.[\/vc_column_text][\/vc_column][vc_column width=&#8221;1\/2&#8243;][vc_column_text]<\/p>\n<h2>AGENT DIRECT<\/h2>\n<p>Tropika Voyages d\u00e9die un agent aux entreprises qui souhaitent faire des demandes de r\u00e9servation, et cela peu importe l\u2019endroit o\u00f9 vous \u00eates (recevez ou modifiez vos billets par courriel sans vous d\u00e9placez), le profil client est mis en place et personnalis\u00e9 (un num\u00e9ro de t\u00e9l\u00e9phone\u00a0+ e-mail d\u00e9di\u00e9s \u00e0 cet effet pour vos urgences 24h\/24, 7j\/7 m\u00eame les jours f\u00e9ri\u00e9s).[\/vc_column_text][\/vc_column][\/vc_row][vc_row css=&#8221;.vc_custom_1488317345729{margin-top: 20px !important;margin-bottom: 20px !important;}&#8221;][vc_column width=&#8221;1\/2&#8243;][vc_column_text]<\/p>\n<h2>GESTION DE VOYAGES CORPORATIFS<\/h2>\n<p>Dirig\u00e9s par des sp\u00e9cialistes, notre \u00e9quipe est l\u00e0 pour vous donner des conseils \u2018\u2018 sur mesure \u2019\u2019 afin d\u2019\u00e9laborer votre politique voyage (gestion de voyage d\u2019entreprise et d\u2019affaire) selon vos besoins et votre budget.[\/vc_column_text][\/vc_column][vc_column width=&#8221;1\/2&#8243;][vc_column_text]<\/p>\n<h2>FORFAIT TOURISTIQUE<\/h2>\n<p>C\u2019est avec plaisir que Tropika Voyages vous offre des s\u00e9jours personnalis\u00e9s et des circuits \u00e0 la carte aux voyageurs autant en Guin\u00e9e que dans le reste du monde. Le tourisme \u00e0 la carte \u00e0 Conakry comme \u00e0 l\u2019int\u00e9rieur du pays\u00a0 avec pension compl\u00e8te (h\u00f4tel, repas tout inclus) est l\u2019une de nos sp\u00e9cialit\u00e9s.[\/vc_column_text][\/vc_column][\/vc_row][vc_row css=&#8221;.vc_custom_1488317388953{margin-top: 20px !important;margin-bottom: 20px !important;}&#8221;][vc_column width=&#8221;1\/2&#8243;][vc_column_text]<\/p>\n<h2>TRANSFERT AEROPORTUAIRE<\/h2>\n<p>Tropika voyages vous offre le service d\u2019accueil, l\u2019assistance, le transfert VIP dans nos bus ou v\u00e9hicules tout terrain flambant neuf climatis\u00e9 et confortable depuis le tarmac et le salon VIP\u00a0 de l\u2019A\u00e9roport international Conakry Gbessia \u00e0 votre destination.[\/vc_column_text][\/vc_column][vc_column width=&#8221;1\/2&#8243;][vc_column_text]<\/p>\n<h2>RESERVATION D\u2019HOTEL<\/h2>\n<p>Repr\u00e9sentant du Groupe Melia en Guin\u00e9e (350 h\u00f4tels dans 35 pays \u00e0 travers le monde) nous effectuerons efficacement vos r\u00e9servations\u00a0 d\u2019h\u00f4tel, avec et exclusivement chez nous des confirmations sur pr\u00e9paiement, choix de tarification de 1 \u00e0 5 \u00e9toiles et des navettes (a\u00e9roport-h\u00f4tel).[\/vc_column_text][\/vc_column][\/vc_row][vc_row css=&#8221;.vc_custom_1488317476162{margin-top: 20px !important;margin-bottom: 20px !important;}&#8221;][vc_column width=&#8221;1\/2&#8243;][vc_column_text]<\/p>\n<h2>LOCATION DE VEHICULES, HELICOPTERE ET EVENEMENTIEL<\/h2>\n<p>Besoin d\u2019une voiture\u00a0 durant votre s\u00e9jour\u00a0 accompagn\u00e9 d\u2019un chauffeur personnel? D\u00e9couvrez notre parc de voitures neuves afin de louer d\u00e8s maintenant votre v\u00e9hicule.[\/vc_column_text][\/vc_column][vc_column width=&#8221;1\/2&#8243;][vc_column_text]<\/p>\n<h2>VENTE\u00a0D\u2019ASSURANCE VOYAGES<\/h2>\n<p>Voyagez librement et en toute s\u00e9curit\u00e9. Vente d\u2019assurances voyages avec seuil de garantie.<\/p>\n<p><a href=\"http:\/\/tvt.assurancesvisa.com\" target=\"_blank\"><img loading=\"lazy\" decoding=\"async\" class=\"alignleft wp-image-425 size-full\" src=\"http:\/\/tropikavoyages.com\/wp-content\/uploads\/2017\/03\/0.jpeg\" width=\"468\" height=\"60\" srcset=\"https:\/\/tropikavoyages.com\/wp-content\/uploads\/2017\/03\/0.jpeg 468w, https:\/\/tropikavoyages.com\/wp-content\/uploads\/2017\/03\/0-300x38.jpeg 300w\" sizes=\"auto, (max-width: 468px) 100vw, 468px\" \/><\/a>[\/vc_column_text][\/vc_column][\/vc_row][vc_row css=&#8221;.vc_custom_1488317582189{margin-top: 20px !important;margin-right: 20px !important;margin-bottom: 20px !important;margin-left: 20px !important;}&#8221;][vc_column][vc_column_text]<\/p>\n<h2 style=\"text-align: center;\">Vous voulez planifier un \u00e9v\u00e8nement ? Nous vous aidons \u00e0 l\u2019organiser (s\u00e9minaire, week-end corporatif, location salle de r\u00e9union etc.)<\/h2>\n<p>[\/vc_column_text][\/vc_column][\/vc_row]<\/p>\n","protected":false},"excerpt":{"rendered":"<p>[vc_row css=&#8221;.vc_custom_1488317200569{margin-top: 20px !important;margin-bottom: 20px !important;}&#8221;][vc_column width=&#8221;1\/2&#8243;][vc_column_text] BILLETERIE INTERNATIONALE Notre comptoir, compos\u00e9 d\u2019une \u00e9quipe jeune dynamique et exp\u00e9riment\u00e9 effectuera vos r\u00e9servations avec rigueur et pr\u00e9cision. Le meilleur rapport qualit\u00e9\/prix vous sera toujours propos\u00e9 afin de voyager dans des conditions agr\u00e9ables aux tarifs les plus int\u00e9ressants de toutes les compagnies a\u00e9riennes mondiales.[\/vc_column_text][\/vc_column][vc_column width=&#8221;1\/2&#8243;][vc_column_text] AGENT DIRECT Tropika &#8230;<\/p>\n","protected":false},"author":1,"featured_media":0,"parent":0,"menu_order":0,"comment_status":"closed","ping_status":"closed","template":"","meta":{"footnotes":""},"class_list":["post-38","page","type-page","status-publish","hentry"],"_links":{"self":[{"href":"https:\/\/tropikavoyages.com\/en\/wp-json\/wp\/v2\/pages\/38","targetHints":{"allow":["GET"]}}],"collection":[{"href":"https:\/\/tropikavoyages.com\/en\/wp-json\/wp\/v2\/pages"}],"about":[{"href":"https:\/\/tropikavoyages.com\/en\/wp-json\/wp\/v2\/types\/page"}],"author":[{"embeddable":true,"href":"https:\/\/tropikavoyages.com\/en\/wp-json\/wp\/v2\/users\/1"}],"replies":[{"embeddable":true,"href":"https:\/\/tropikavoyages.com\/en\/wp-json\/wp\/v2\/comments?post=38"}],"version-history":[{"count":13,"href":"https:\/\/tropikavoyages.com\/en\/wp-json\/wp\/v2\/pages\/38\/revisions"}],"predecessor-version":[{"id":539,"href":"https:\/\/tropikavoyages.com\/en\/wp-json\/wp\/v2\/pages\/38\/revisions\/539"}],"wp:attachment":[{"href":"https:\/\/tropikavoyages.com\/en\/wp-json\/wp\/v2\/media?parent=38"}],"curies":[{"name":"wp","href":"https:\/\/api.w.org\/{rel}","templated":true}]}}