{"id":41,"date":"2017-02-18T01:14:00","date_gmt":"2017-02-18T01:14:00","guid":{"rendered":"http:\/\/tropikavoyages.com\/?page_id=41"},"modified":"2017-05-14T18:38:18","modified_gmt":"2017-05-14T18:38:18","slug":"a-propos","status":"publish","type":"page","link":"https:\/\/tropikavoyages.com\/en\/a-propos\/","title":{"rendered":"About us"},"content":{"rendered":"<p>[vc_row css=&#8221;.vc_custom_1488688544307{margin-top: 20px !important;margin-right: 20px !important;margin-bottom: 20px !important;margin-left: 20px !important;}&#8221;][vc_column][vc_column_text]Fier d\u2019\u00eatre en affaire\u00a0 dans le domaine du voyage depuis 17 ans, Tropika Voyages vous offre un service in\u00e9dit\u00a0 dans la reservation de billets d\u2019avion, d\u2019organisation des circuits locaux en groupe ou individuel,\u00a0 la reservation d\u2019h\u00f4tels \u00e0 travers le monde, l\u2019accueil, le transfert a\u00e9roportuaire et les forfait touristiques et bien plus. Tropika Voyages r\u00e9pond \u00e0 un besoin de la part des particuliers, des entreprises, mais aussi des grandes soci\u00e9t\u00e9s.<\/p>\n<p>Avec Tropika Voyages la satisfaction des clients est toujours notre priorit\u00e9.<\/p>\n<p>C&#8217;est chaque fois un plaisir d&#8217;offrir des s\u00e9jours personnalis\u00e9s et des produits \u00e0 la carte aux voyageurs.<\/p>\n<p>Nos conseillers exp\u00e9riment\u00e9s et passionn\u00e9s sont toujours honor\u00e9s de faire d\u00e9couvrir de nouvelles destinations o\u00f9 l&#8217;on peut se reposer comme aller \u00e0 l&#8217;aventure, se sentir chez soi comme \u00eatre d\u00e9pays\u00e9[\/vc_column_text][\/vc_column][\/vc_row]<\/p>","protected":false},"excerpt":{"rendered":"<p>[vc_row css=&#8221;.vc_custom_1488688544307{margin-top: 20px !important;margin-right: 20px !important;margin-bottom: 20px !important;margin-left: 20px !important;}&#8221;][vc_column][vc_column_text]Fier d\u2019\u00eatre en affaire\u00a0 dans le domaine du voyage depuis 17 ans, Tropika Voyages vous offre un service in\u00e9dit\u00a0 dans la reservation de billets d\u2019avion, d\u2019organisation des circuits locaux en groupe ou individuel,\u00a0 la reservation d\u2019h\u00f4tels \u00e0 travers le monde, l\u2019accueil, le transfert a\u00e9roportuaire et les &#8230;<\/p>\n","protected":false},"author":1,"featured_media":0,"parent":0,"menu_order":0,"comment_status":"closed","ping_status":"closed","template":"","meta":{"footnotes":""},"class_list":["post-41","page","type-page","status-publish","hentry"],"_links":{"self":[{"href":"https:\/\/tropikavoyages.com\/en\/wp-json\/wp\/v2\/pages\/41","targetHints":{"allow":["GET"]}}],"collection":[{"href":"https:\/\/tropikavoyages.com\/en\/wp-json\/wp\/v2\/pages"}],"about":[{"href":"https:\/\/tropikavoyages.com\/en\/wp-json\/wp\/v2\/types\/page"}],"author":[{"embeddable":true,"href":"https:\/\/tropikavoyages.com\/en\/wp-json\/wp\/v2\/users\/1"}],"replies":[{"embeddable":true,"href":"https:\/\/tropikavoyages.com\/en\/wp-json\/wp\/v2\/comments?post=41"}],"version-history":[{"count":6,"href":"https:\/\/tropikavoyages.com\/en\/wp-json\/wp\/v2\/pages\/41\/revisions"}],"predecessor-version":[{"id":544,"href":"https:\/\/tropikavoyages.com\/en\/wp-json\/wp\/v2\/pages\/41\/revisions\/544"}],"wp:attachment":[{"href":"https:\/\/tropikavoyages.com\/en\/wp-json\/wp\/v2\/media?parent=41"}],"curies":[{"name":"wp","href":"https:\/\/api.w.org\/{rel}","templated":true}]}}